{"id":1633,"date":"2016-01-20T13:53:48","date_gmt":"2016-01-20T13:53:48","guid":{"rendered":"http:\/\/anpsthemes.com\/construction\/?page_id=1633"},"modified":"2018-05-31T11:36:34","modified_gmt":"2018-05-31T11:36:34","slug":"kariyer","status":"publish","type":"page","link":"http:\/\/asmelta.com\/tr\/kariyer\/","title":{"rendered":"Kariyer"},"content":{"rendered":"<p>[vc_row][vc_column width=&#8221;1\/2&#8243;][vc_single_image image=&#8221;2279&#8243; img_size=&#8221;500&#215;500&#8243; style=&#8221;vc_box_shadow_3d&#8221; css_animation=&#8221;fadeIn&#8221;][\/vc_column][vc_column width=&#8221;1\/2&#8243;][vc_custom_heading text=&#8221;\u0130\u015e BA\u015eVURULARI&#8221; use_theme_fonts=&#8221;yes&#8221;][vc_column_text]\u0130\u015f ba\u015fvurular\u0131n\u0131z i\u00e7in CV&#8217;nizi <a href=\"mailto:ik@asmelta.com\">ik@asmelta.com<\/a> adresine g\u00f6nderebilirsiniz. \u0130nsan Kaynaklar\u0131 yetkililerimiz, CV&#8217;nizi de\u011ferlendirip, uygun pozisyonlar olu\u015fmas\u0131 durumda size geri d\u00f6n\u00fc\u015f yapacaklard\u0131r.[\/vc_column_text][vc_custom_heading text=&#8221;\u00d6NCE \u0130NSAN&#8221; use_theme_fonts=&#8221;yes&#8221;][vc_column_text]Bizlerle \u00e7al\u0131\u015fan arkada\u015flar\u0131m\u0131z, geleceklerini beklentilerine g\u00f6re \u015fekillendirirken, y\u00fcr\u00fctmekte olduklar\u0131 g\u00f6revlerinde ba\u015far\u0131lar\u0131n\u0131 ve verimlerini art\u0131r\u0131c\u0131 f\u0131rsatlar\u0131 yaratmak temel yakla\u015f\u0131m\u0131m\u0131zd\u0131r.<\/p>\n<p>\u015eirketimiz; insan odakl\u0131 y\u00f6netim anlay\u0131\u015f\u0131 i\u00e7erisinde, \u00e7al\u0131\u015fanlar\u0131m\u0131za kurum i\u00e7i ve d\u0131\u015f\u0131ndan verdi\u011fimiz e\u011fitimlerle birlikte, onlar\u0131n kendilerini geli\u015ftirme d\u00fczeyleri,ki\u015filik \u00f6zellikleri ve \u00fcst d\u00fczeylere gelme azimleri dikkate al\u0131narak kariyer planlar\u0131na y\u00f6n vermektedir. \u0130htiya\u00e7lar\u0131n kar\u015f\u0131lanmas\u0131nda \u00f6ncelik \u015eirket i\u00e7i insan kayna\u011f\u0131ndan yararlanmakt\u0131r.<\/p>\n<p>Tarafs\u0131z ve f\u0131rsat e\u015fitli\u011fi anlay\u0131\u015f\u0131yla kariyer y\u00f6netimi yaparak, bir yandan ki\u015filerin performans ve motivasyonlar\u0131n\u0131 en \u00fcst d\u00fczeyde tutmak ve di\u011fer yandan \u015firketin uzun vadeli hedeflerini ger\u00e7ekle\u015ftirmesini sa\u011flamak temel hedefimizdir.<\/p>\n<p>\u00c7al\u0131\u015fan profilimiz; de\u011fi\u015fim ve geli\u015fime a\u00e7\u0131k, i\u015fini seven, ekip \u00e7al\u0131\u015fmas\u0131na tak\u0131m ruhuna inanan, etik de\u011ferlere sahip, m\u00fc\u015fteri odakl\u0131, sosyal sorumluluk duyarl\u0131l\u0131\u011f\u0131 y\u00fcksek insan kayna\u011f\u0131d\u0131r.[\/vc_column_text][\/vc_column][\/vc_row]<\/p>\n","protected":false},"excerpt":{"rendered":"<p>[vc_row][vc_column width=&#8221;1\/2&#8243;][vc_single_image image=&#8221;2279&#8243; img_size=&#8221;500&#215;500&#8243; style=&#8221;vc_box_shadow_3d&#8221; css_animation=&#8221;fadeIn&#8221;][\/vc_column][vc_column width=&#8221;1\/2&#8243;][vc_custom_heading text=&#8221;\u0130\u015e BA\u015eVURULARI&#8221; use_theme_fonts=&#8221;yes&#8221;][vc_column_text]\u0130\u015f ba\u015fvurular\u0131n\u0131z i\u00e7in CV&#8217;nizi ik@asmelta.com adresine g\u00f6nderebilirsiniz. \u0130nsan Kaynaklar\u0131 yetkililerimiz, CV&#8217;nizi de\u011ferlendirip, uygun pozisyonlar olu\u015fmas\u0131 durumda size geri d\u00f6n\u00fc\u015f yapacaklard\u0131r.[\/vc_column_text][vc_custom_heading text=&#8221;\u00d6NCE \u0130NSAN&#8221; use_theme_fonts=&#8221;yes&#8221;][vc_column_text]Bizlerle \u00e7al\u0131\u015fan arkada\u015flar\u0131m\u0131z, geleceklerini beklentilerine g\u00f6re \u015fekillendirirken, y\u00fcr\u00fctmekte olduklar\u0131 &hellip;<\/p>\n","protected":false},"author":1,"featured_media":0,"parent":0,"menu_order":0,"comment_status":"closed","ping_status":"closed","template":"","meta":[],"_links":{"self":[{"href":"http:\/\/asmelta.com\/tr\/wp-json\/wp\/v2\/pages\/1633"}],"collection":[{"href":"http:\/\/asmelta.com\/tr\/wp-json\/wp\/v2\/pages"}],"about":[{"href":"http:\/\/asmelta.com\/tr\/wp-json\/wp\/v2\/types\/page"}],"author":[{"embeddable":true,"href":"http:\/\/asmelta.com\/tr\/wp-json\/wp\/v2\/users\/1"}],"replies":[{"embeddable":true,"href":"http:\/\/asmelta.com\/tr\/wp-json\/wp\/v2\/comments?post=1633"}],"version-history":[{"count":7,"href":"http:\/\/asmelta.com\/tr\/wp-json\/wp\/v2\/pages\/1633\/revisions"}],"predecessor-version":[{"id":2324,"href":"http:\/\/asmelta.com\/tr\/wp-json\/wp\/v2\/pages\/1633\/revisions\/2324"}],"wp:attachment":[{"href":"http:\/\/asmelta.com\/tr\/wp-json\/wp\/v2\/media?parent=1633"}],"curies":[{"name":"wp","href":"https:\/\/api.w.org\/{rel}","templated":true}]}}