{"id":1524,"date":"2016-01-20T09:16:53","date_gmt":"2016-01-20T09:16:53","guid":{"rendered":"http:\/\/anpsthemes.com\/construction\/?page_id=1524"},"modified":"2018-05-31T12:05:07","modified_gmt":"2018-05-31T12:05:07","slug":"satis-sonrasi","status":"publish","type":"page","link":"http:\/\/asmelta.com\/tr\/satis-sonrasi\/","title":{"rendered":"SATI\u015e SONRASI"},"content":{"rendered":"<p>[vc_row][vc_column width=&#8221;1\/2&#8243;][vc_custom_heading text=&#8221;SATI\u015e SONRASI &#8221; use_theme_fonts=&#8221;yes&#8221; el_class=&#8221;title&#8221;][vc_column_text]Daima ileriye d\u00f6n\u00fck vizyonu do\u011frultusunda hareket eden firmam\u0131z, m\u00fc\u015fteri memnuniyetinin ve uzun vadeli m\u00fc\u015fteri ili\u015fkilerinin ne kadar \u00f6nem arz etti\u011fini bilmektedir. Dolay\u0131s\u0131yla, \u00fcretim a\u015famas\u0131ndan ge\u00e7mi\u015f \u00fcr\u00fcnlerin m\u00fc\u015fteriye ula\u015fmas\u0131 hizmet hatt\u0131m\u0131z\u0131n son dura\u011f\u0131 asla de\u011fildir. M\u00fc\u015fterilerimizin sat\u0131\u015f sonras\u0131 t\u00fcm talep ve \u015fikayetlerini, ayn\u0131 hassasiyetle de\u011ferlendirir, en k\u0131sa zamanda \u00e7\u00f6z\u00fcm bulmak i\u00e7in t\u00fcm gayretimizi g\u00f6steririz.[\/vc_column_text][\/vc_column][vc_column width=&#8221;1\/2&#8243;][vc_single_image image=&#8221;2276&#8243; img_size=&#8221;500&#215;400&#8243; style=&#8221;vc_box_shadow_3d&#8221; css_animation=&#8221;fadeIn&#8221;][\/vc_column][\/vc_row]<\/p>\n","protected":false},"excerpt":{"rendered":"<p>[vc_row][vc_column width=&#8221;1\/2&#8243;][vc_custom_heading text=&#8221;SATI\u015e SONRASI &#8221; use_theme_fonts=&#8221;yes&#8221; el_class=&#8221;title&#8221;][vc_column_text]Daima ileriye d\u00f6n\u00fck vizyonu do\u011frultusunda hareket eden firmam\u0131z, m\u00fc\u015fteri memnuniyetinin ve uzun vadeli m\u00fc\u015fteri ili\u015fkilerinin ne kadar \u00f6nem arz etti\u011fini bilmektedir. Dolay\u0131s\u0131yla, \u00fcretim a\u015famas\u0131ndan ge\u00e7mi\u015f \u00fcr\u00fcnlerin m\u00fc\u015fteriye ula\u015fmas\u0131 hizmet hatt\u0131m\u0131z\u0131n son dura\u011f\u0131 asla de\u011fildir. &hellip;<\/p>\n","protected":false},"author":1,"featured_media":0,"parent":0,"menu_order":0,"comment_status":"closed","ping_status":"closed","template":"","meta":[],"_links":{"self":[{"href":"http:\/\/asmelta.com\/tr\/wp-json\/wp\/v2\/pages\/1524"}],"collection":[{"href":"http:\/\/asmelta.com\/tr\/wp-json\/wp\/v2\/pages"}],"about":[{"href":"http:\/\/asmelta.com\/tr\/wp-json\/wp\/v2\/types\/page"}],"author":[{"embeddable":true,"href":"http:\/\/asmelta.com\/tr\/wp-json\/wp\/v2\/users\/1"}],"replies":[{"embeddable":true,"href":"http:\/\/asmelta.com\/tr\/wp-json\/wp\/v2\/comments?post=1524"}],"version-history":[{"count":5,"href":"http:\/\/asmelta.com\/tr\/wp-json\/wp\/v2\/pages\/1524\/revisions"}],"predecessor-version":[{"id":2338,"href":"http:\/\/asmelta.com\/tr\/wp-json\/wp\/v2\/pages\/1524\/revisions\/2338"}],"wp:attachment":[{"href":"http:\/\/asmelta.com\/tr\/wp-json\/wp\/v2\/media?parent=1524"}],"curies":[{"name":"wp","href":"https:\/\/api.w.org\/{rel}","templated":true}]}}