{"id":1522,"date":"2016-01-20T09:15:00","date_gmt":"2016-01-20T09:15:00","guid":{"rendered":"http:\/\/anpsthemes.com\/construction\/?page_id=1522"},"modified":"2018-05-31T11:59:20","modified_gmt":"2018-05-31T11:59:20","slug":"teslimat","status":"publish","type":"page","link":"http:\/\/asmelta.com\/tr\/teslimat\/","title":{"rendered":"TESL\u0130MAT"},"content":{"rendered":"<p>[vc_row][vc_column width=&#8221;1\/2&#8243;][vc_custom_heading text=&#8221;HIZLI TESL\u0130MAT &#8221; use_theme_fonts=&#8221;yes&#8221; el_class=&#8221;title&#8221;][vc_column_text]M\u00fc\u015fterilerimizin rekabet g\u00fc\u00e7lerini art\u0131rmak, onlar\u0131n sekt\u00f6rlerindeki s\u00fcrd\u00fcr\u00fclebilir geli\u015fmelerine katk\u0131 sa\u011flamak ad\u0131na, Asmelta \u015firket politikas\u0131 olarak daima en h\u0131zl\u0131 teslimat \u00e7\u00f6z\u00fcmleri sunmay\u0131 hedefler. \u00dcretim planlama a\u015famas\u0131nda yapt\u0131\u011f\u0131m\u0131z innovatif \u00e7izelge takipleri, s\u00fcre\u00e7 ve sipari\u015f takibi ara\u00e7lar\u0131n\u0131n da yard\u0131m\u0131yla, m\u00fc\u015fterilerimize en yak\u0131n zamanda, gecikme olmadan teslimat yapabilmekteyiz.[\/vc_column_text][\/vc_column][vc_column width=&#8221;1\/2&#8243;][vc_single_image image=&#8221;2267&#8243; img_size=&#8221;500*400&#8243; style=&#8221;vc_box_shadow_3d&#8221; css_animation=&#8221;fadeIn&#8221;][\/vc_column][\/vc_row]<\/p>\n","protected":false},"excerpt":{"rendered":"<p>[vc_row][vc_column width=&#8221;1\/2&#8243;][vc_custom_heading text=&#8221;HIZLI TESL\u0130MAT &#8221; use_theme_fonts=&#8221;yes&#8221; el_class=&#8221;title&#8221;][vc_column_text]M\u00fc\u015fterilerimizin rekabet g\u00fc\u00e7lerini art\u0131rmak, onlar\u0131n sekt\u00f6rlerindeki s\u00fcrd\u00fcr\u00fclebilir geli\u015fmelerine katk\u0131 sa\u011flamak ad\u0131na, Asmelta \u015firket politikas\u0131 olarak daima en h\u0131zl\u0131 teslimat \u00e7\u00f6z\u00fcmleri sunmay\u0131 hedefler. \u00dcretim planlama a\u015famas\u0131nda yapt\u0131\u011f\u0131m\u0131z innovatif \u00e7izelge takipleri, s\u00fcre\u00e7 ve sipari\u015f takibi ara\u00e7lar\u0131n\u0131n &hellip;<\/p>\n","protected":false},"author":1,"featured_media":0,"parent":0,"menu_order":0,"comment_status":"closed","ping_status":"closed","template":"","meta":[],"_links":{"self":[{"href":"http:\/\/asmelta.com\/tr\/wp-json\/wp\/v2\/pages\/1522"}],"collection":[{"href":"http:\/\/asmelta.com\/tr\/wp-json\/wp\/v2\/pages"}],"about":[{"href":"http:\/\/asmelta.com\/tr\/wp-json\/wp\/v2\/types\/page"}],"author":[{"embeddable":true,"href":"http:\/\/asmelta.com\/tr\/wp-json\/wp\/v2\/users\/1"}],"replies":[{"embeddable":true,"href":"http:\/\/asmelta.com\/tr\/wp-json\/wp\/v2\/comments?post=1522"}],"version-history":[{"count":3,"href":"http:\/\/asmelta.com\/tr\/wp-json\/wp\/v2\/pages\/1522\/revisions"}],"predecessor-version":[{"id":2336,"href":"http:\/\/asmelta.com\/tr\/wp-json\/wp\/v2\/pages\/1522\/revisions\/2336"}],"wp:attachment":[{"href":"http:\/\/asmelta.com\/tr\/wp-json\/wp\/v2\/media?parent=1522"}],"curies":[{"name":"wp","href":"https:\/\/api.w.org\/{rel}","templated":true}]}}