{"id":1514,"date":"2016-01-20T09:07:13","date_gmt":"2016-01-20T09:07:13","guid":{"rendered":"http:\/\/anpsthemes.com\/construction\/?page_id=1514"},"modified":"2018-05-31T13:36:36","modified_gmt":"2018-05-31T13:36:36","slug":"kalite","status":"publish","type":"page","link":"http:\/\/asmelta.com\/tr\/kalite\/","title":{"rendered":"Kalite"},"content":{"rendered":"<p>[vc_row][vc_column][vc_custom_heading text=&#8221;KAL\u0130TE ODAKLI&#8221; use_theme_fonts=&#8221;yes&#8221; el_class=&#8221;title&#8221;][vc_column_text]Asmelta daima kaliteyi \u00f6nde tutan ve bu anlay\u0131\u015f\u0131 t\u00fcm birimlerine ve s\u00fcre\u00e7lerine i\u015fleyen bir y\u00f6netim anlay\u0131\u015f\u0131na sahiptir. Sekt\u00f6r\u00fcnde \u00f6nc\u00fc d\u00f6k\u00fcm firmalar\u0131ndan biri haline gelmesindeki en b\u00fcy\u00fck etken kaliteye g\u00f6sterdi\u011fimiz \u00f6nemdir. Firmam\u0131z ISO 9001 belgesine sahip olup, bu belgenin gerektirdi\u011fi kalite sistem anlay\u0131\u015f\u0131 t\u00fcm s\u00fcre\u00e7lerde uygulanmaktad\u0131r.[\/vc_column_text][\/vc_column][\/vc_row][vc_row][vc_column width=&#8221;1\/2&#8243;][vc_custom_heading text=&#8221;KAL\u0130TE POL\u0130T\u0130KAMIZ&#8221; use_theme_fonts=&#8221;yes&#8221; el_class=&#8221;title&#8221;][vc_column_text]<\/p>\n<ul>\n<li>Sekt\u00f6rde \u00f6nc\u00fc firma olmak<\/li>\n<li>Kalitemizin ve sistemin, s\u00fcreklili\u011fini ve geli\u015fimini sa\u011flamak.<\/li>\n<li>Kalite hedeflerini belirlemek ve o hedeflere ula\u015fabilmek.<\/li>\n<li>Personele kalite bilincini yaymak, bilgi ve becerilerini artt\u0131rmak.<\/li>\n<li>M\u00fc\u015fteri memnuniyetini \u00f6n planda tutmak.<\/li>\n<\/ul>\n<p>[\/vc_column_text][\/vc_column][vc_column width=&#8221;1\/2&#8243;][vc_single_image image=&#8221;2262&#8243; img_size=&#8221;500&#215;400&#8243; style=&#8221;vc_box_shadow_3d&#8221; css_animation=&#8221;fadeIn&#8221;][\/vc_column][\/vc_row]<\/p>\n","protected":false},"excerpt":{"rendered":"<p>[vc_row][vc_column][vc_custom_heading text=&#8221;KAL\u0130TE ODAKLI&#8221; use_theme_fonts=&#8221;yes&#8221; el_class=&#8221;title&#8221;][vc_column_text]Asmelta daima kaliteyi \u00f6nde tutan ve bu anlay\u0131\u015f\u0131 t\u00fcm birimlerine ve s\u00fcre\u00e7lerine i\u015fleyen bir y\u00f6netim anlay\u0131\u015f\u0131na sahiptir. Sekt\u00f6r\u00fcnde \u00f6nc\u00fc d\u00f6k\u00fcm firmalar\u0131ndan biri haline gelmesindeki en b\u00fcy\u00fck etken kaliteye g\u00f6sterdi\u011fimiz \u00f6nemdir. Firmam\u0131z ISO 9001 belgesine sahip olup, &hellip;<\/p>\n","protected":false},"author":1,"featured_media":0,"parent":0,"menu_order":0,"comment_status":"closed","ping_status":"closed","template":"","meta":[],"_links":{"self":[{"href":"http:\/\/asmelta.com\/tr\/wp-json\/wp\/v2\/pages\/1514"}],"collection":[{"href":"http:\/\/asmelta.com\/tr\/wp-json\/wp\/v2\/pages"}],"about":[{"href":"http:\/\/asmelta.com\/tr\/wp-json\/wp\/v2\/types\/page"}],"author":[{"embeddable":true,"href":"http:\/\/asmelta.com\/tr\/wp-json\/wp\/v2\/users\/1"}],"replies":[{"embeddable":true,"href":"http:\/\/asmelta.com\/tr\/wp-json\/wp\/v2\/comments?post=1514"}],"version-history":[{"count":9,"href":"http:\/\/asmelta.com\/tr\/wp-json\/wp\/v2\/pages\/1514\/revisions"}],"predecessor-version":[{"id":2340,"href":"http:\/\/asmelta.com\/tr\/wp-json\/wp\/v2\/pages\/1514\/revisions\/2340"}],"wp:attachment":[{"href":"http:\/\/asmelta.com\/tr\/wp-json\/wp\/v2\/media?parent=1514"}],"curies":[{"name":"wp","href":"https:\/\/api.w.org\/{rel}","templated":true}]}}