{"id":1512,"date":"2016-01-20T09:06:47","date_gmt":"2016-01-20T09:06:47","guid":{"rendered":"http:\/\/anpsthemes.com\/construction\/?page_id=1512"},"modified":"2018-05-31T09:37:42","modified_gmt":"2018-05-31T09:37:42","slug":"diger-islemler","status":"publish","type":"page","link":"http:\/\/asmelta.com\/tr\/diger-islemler\/","title":{"rendered":"D\u0130\u011eER \u0130\u015eLEMLER"},"content":{"rendered":"<p>[vc_row][vc_column width=&#8221;7\/12&#8243;][vc_column_text]Lorem ipsum dolor sit amet, consectetur adipiscing elit. Mauris vitae libero molestie, aliquet nibh eu, euismod massa. Morbi efficitur ut nisi ac fermentum. Aenean magna libero, varius vitae turpis.[\/vc_column_text][vc_tta_accordion style=&#8221;anps-style-1&#8243; shape=&#8221;square&#8221; active_section=&#8221;1&#8243;][vc_tta_section title=&#8221;TITLE FOR ACCORDION #3&#8243; tab_id=&#8221;1453278708716-3462645a-c91515c1-6021&#8243;][vc_column_text css=&#8221;.vc_custom_1453278833852{margin-bottom: 0px !important;}&#8221;]Anim pariatur cliche reprehenderit, enim eiusmod high life accusamus terry richardson ad im keffiyeh helvetica, craft beer labore wes anderson cred nesciunt sapiente ea proident. Ad vegan excepteur butcher vice lomo labore sustainable VHS.[\/vc_column_text][\/vc_tta_section][vc_tta_section title=&#8221;TITLE FOR ACCORDION #4&#8243; tab_id=&#8221;1453278719768-885e6062-5ba015c1-6021&#8243;][vc_column_text css=&#8221;.vc_custom_1453278840088{margin-bottom: 0px !important;}&#8221;]Anim pariatur cliche reprehenderit, enim eiusmod high life accusamus terry richardson ad im keffiyeh helvetica, craft beer labore wes anderson cred nesciunt sapiente ea proident. Ad vegan excepteur butcher vice lomo labore sustainable VHS.[\/vc_column_text][\/vc_tta_section][vc_tta_section title=&#8221;TITLE FOR ACCORDION #5&#8243; tab_id=&#8221;1453278719253-0a2170b7-7b6b15c1-6021&#8243;][vc_column_text css=&#8221;.vc_custom_1453278845605{margin-bottom: 0px !important;}&#8221;]Anim pariatur cliche reprehenderit, enim eiusmod high life accusamus terry richardson ad im keffiyeh helvetica, craft beer labore wes anderson cred nesciunt sapiente ea proident. Ad vegan excepteur butcher vice lomo labore sustainable VHS.[\/vc_column_text][\/vc_tta_section][vc_tta_section title=&#8221;TITLE FOR ACCORDION #6&#8243; tab_id=&#8221;1453278718305-b6d352bb-e0a615c1-6021&#8243;][vc_column_text css=&#8221;.vc_custom_1453278852031{margin-bottom: 0px !important;}&#8221;]Anim pariatur cliche reprehenderit, enim eiusmod high life accusamus terry richardson ad im keffiyeh helvetica, craft beer labore wes anderson cred nesciunt sapiente ea proident. Ad vegan excepteur butcher vice lomo labore sustainable VHS.[\/vc_column_text][\/vc_tta_section][\/vc_tta_accordion][\/vc_column][vc_column width=&#8221;5\/12&#8243;][vc_single_image image=&#8221;2257&#8243; img_size=&#8221;400&#215;400&#8243; style=&#8221;vc_box_shadow_3d&#8221; css_animation=&#8221;fadeIn&#8221;][\/vc_column][\/vc_row]<\/p>\n","protected":false},"excerpt":{"rendered":"<p>[vc_row][vc_column width=&#8221;7\/12&#8243;][vc_column_text]Lorem ipsum dolor sit amet, consectetur adipiscing elit. Mauris vitae libero molestie, aliquet nibh eu, euismod massa. Morbi efficitur ut nisi ac fermentum. Aenean magna libero, varius vitae turpis.[\/vc_column_text][vc_tta_accordion style=&#8221;anps-style-1&#8243; shape=&#8221;square&#8221; active_section=&#8221;1&#8243;][vc_tta_section title=&#8221;TITLE FOR ACCORDION #3&#8243; tab_id=&#8221;1453278708716-3462645a-c91515c1-6021&#8243;][vc_column_text css=&#8221;.vc_custom_1453278833852{margin-bottom: 0px &hellip;<\/p>\n","protected":false},"author":1,"featured_media":0,"parent":0,"menu_order":0,"comment_status":"closed","ping_status":"closed","template":"","meta":[],"_links":{"self":[{"href":"http:\/\/asmelta.com\/tr\/wp-json\/wp\/v2\/pages\/1512"}],"collection":[{"href":"http:\/\/asmelta.com\/tr\/wp-json\/wp\/v2\/pages"}],"about":[{"href":"http:\/\/asmelta.com\/tr\/wp-json\/wp\/v2\/types\/page"}],"author":[{"embeddable":true,"href":"http:\/\/asmelta.com\/tr\/wp-json\/wp\/v2\/users\/1"}],"replies":[{"embeddable":true,"href":"http:\/\/asmelta.com\/tr\/wp-json\/wp\/v2\/comments?post=1512"}],"version-history":[{"count":2,"href":"http:\/\/asmelta.com\/tr\/wp-json\/wp\/v2\/pages\/1512\/revisions"}],"predecessor-version":[{"id":2258,"href":"http:\/\/asmelta.com\/tr\/wp-json\/wp\/v2\/pages\/1512\/revisions\/2258"}],"wp:attachment":[{"href":"http:\/\/asmelta.com\/tr\/wp-json\/wp\/v2\/media?parent=1512"}],"curies":[{"name":"wp","href":"https:\/\/api.w.org\/{rel}","templated":true}]}}