{"id":1508,"date":"2016-01-20T08:59:43","date_gmt":"2016-01-20T08:59:43","guid":{"rendered":"http:\/\/anpsthemes.com\/construction\/?page_id=1508"},"modified":"2018-05-31T09:30:13","modified_gmt":"2018-05-31T09:30:13","slug":"cnc-isleme","status":"publish","type":"page","link":"http:\/\/asmelta.com\/tr\/cnc-isleme\/","title":{"rendered":"CNC \u0130\u015fleme"},"content":{"rendered":"<p>[vc_row][vc_column width=&#8221;1\/2&#8243;][vc_custom_heading text=&#8221;CNC \u0130\u015eLEME&#8221; use_theme_fonts=&#8221;yes&#8221; el_class=&#8221;title&#8221;][vc_column_text]CNC makineler ile \u00f6nceden dizayn\u0131 ve konstr\u00fcksiyonu yap\u0131lan, imalat s\u00fcreci belirlenen makine eleman\u0131n\u0131n, imalat s\u00fcrecine uygun tezgahlar\u0131nda, belirlenmi\u015f kesici tak\u0131mlar marifetiyle kesme operasyonuna tabi tutularak \u015fekillendirilmesi yap\u0131l\u0131r.<\/p>\n<p>Asmelta olarak, d\u00f6k\u00fcm yapt\u0131\u011f\u0131m\u0131z m\u00fc\u015fterilerin talepleri do\u011frultusunda, par\u00e7alar\u0131n i\u015flenmesi yine firma b\u00fcnyemizde yap\u0131lmaktad\u0131r.[\/vc_column_text][\/vc_column][vc_column width=&#8221;1\/2&#8243;][vc_single_image image=&#8221;2252&#8243; img_size=&#8221;500&#215;400&#8243; style=&#8221;vc_box_shadow_3d&#8221; css_animation=&#8221;fadeIn&#8221;][\/vc_column][\/vc_row]<\/p>\n","protected":false},"excerpt":{"rendered":"<p>[vc_row][vc_column width=&#8221;1\/2&#8243;][vc_custom_heading text=&#8221;CNC \u0130\u015eLEME&#8221; use_theme_fonts=&#8221;yes&#8221; el_class=&#8221;title&#8221;][vc_column_text]CNC makineler ile \u00f6nceden dizayn\u0131 ve konstr\u00fcksiyonu yap\u0131lan, imalat s\u00fcreci belirlenen makine eleman\u0131n\u0131n, imalat s\u00fcrecine uygun tezgahlar\u0131nda, belirlenmi\u015f kesici tak\u0131mlar marifetiyle kesme operasyonuna tabi tutularak \u015fekillendirilmesi yap\u0131l\u0131r. Asmelta olarak, d\u00f6k\u00fcm yapt\u0131\u011f\u0131m\u0131z m\u00fc\u015fterilerin talepleri do\u011frultusunda, par\u00e7alar\u0131n &hellip;<\/p>\n","protected":false},"author":1,"featured_media":0,"parent":0,"menu_order":0,"comment_status":"closed","ping_status":"closed","template":"","meta":[],"_links":{"self":[{"href":"http:\/\/asmelta.com\/tr\/wp-json\/wp\/v2\/pages\/1508"}],"collection":[{"href":"http:\/\/asmelta.com\/tr\/wp-json\/wp\/v2\/pages"}],"about":[{"href":"http:\/\/asmelta.com\/tr\/wp-json\/wp\/v2\/types\/page"}],"author":[{"embeddable":true,"href":"http:\/\/asmelta.com\/tr\/wp-json\/wp\/v2\/users\/1"}],"replies":[{"embeddable":true,"href":"http:\/\/asmelta.com\/tr\/wp-json\/wp\/v2\/comments?post=1508"}],"version-history":[{"count":2,"href":"http:\/\/asmelta.com\/tr\/wp-json\/wp\/v2\/pages\/1508\/revisions"}],"predecessor-version":[{"id":2254,"href":"http:\/\/asmelta.com\/tr\/wp-json\/wp\/v2\/pages\/1508\/revisions\/2254"}],"wp:attachment":[{"href":"http:\/\/asmelta.com\/tr\/wp-json\/wp\/v2\/media?parent=1508"}],"curies":[{"name":"wp","href":"https:\/\/api.w.org\/{rel}","templated":true}]}}