{"id":1461,"date":"2016-01-19T15:44:38","date_gmt":"2016-01-19T15:44:38","guid":{"rendered":"http:\/\/anpsthemes.com\/construction\/?page_id=1461"},"modified":"2018-06-01T06:28:08","modified_gmt":"2018-06-01T06:28:08","slug":"sektorler","status":"publish","type":"page","link":"http:\/\/asmelta.com\/tr\/sektorler\/","title":{"rendered":"SEKT\u00d6RLER"},"content":{"rendered":"<p>[vc_row][vc_column][vc_custom_heading text=&#8221;\u00c7ALI\u015eTI\u011eIMIZ SEKT\u00d6RLER&#8221; use_theme_fonts=&#8221;yes&#8221; el_class=&#8221;title&#8221;][vc_empty_space height=&#8221;15&#8243;][vc_column_text]Al\u00fcminyum, Zamak d\u00f6k\u00fcm ve i\u015flemelerinde \u00f6nc\u00fc firmam\u0131z bir \u00e7ok farkl\u0131 sekt\u00f6rden m\u00fc\u015fterilerimize par\u00e7alar \u00fcretmektedir. Farkl\u0131 sekt\u00f6rlerden kazand\u0131\u011f\u0131m\u0131z tecr\u00fcbeyi sizinle de payla\u015fmak isteriz.<\/p>\n<p>\u00c7al\u0131\u015ft\u0131\u011f\u0131m\u0131z baz\u0131 sekt\u00f6rler:<\/p>\n<ul>\n<li>Otomotiv<\/li>\n<li>Motorsiklet<\/li>\n<li>Do\u011falgaz<\/li>\n<li>Ayd\u0131nlatma<\/li>\n<li>\u0130n\u015faat<\/li>\n<li>Mobilya<\/li>\n<li>Beyaz E\u015fya<\/li>\n<\/ul>\n<p>[\/vc_column_text][\/vc_column][\/vc_row]<\/p>\n","protected":false},"excerpt":{"rendered":"<p>[vc_row][vc_column][vc_custom_heading text=&#8221;\u00c7ALI\u015eTI\u011eIMIZ SEKT\u00d6RLER&#8221; use_theme_fonts=&#8221;yes&#8221; el_class=&#8221;title&#8221;][vc_empty_space height=&#8221;15&#8243;][vc_column_text]Al\u00fcminyum, Zamak d\u00f6k\u00fcm ve i\u015flemelerinde \u00f6nc\u00fc firmam\u0131z bir \u00e7ok farkl\u0131 sekt\u00f6rden m\u00fc\u015fterilerimize par\u00e7alar \u00fcretmektedir. Farkl\u0131 sekt\u00f6rlerden kazand\u0131\u011f\u0131m\u0131z tecr\u00fcbeyi sizinle de payla\u015fmak isteriz. \u00c7al\u0131\u015ft\u0131\u011f\u0131m\u0131z baz\u0131 sekt\u00f6rler: Otomotiv Motorsiklet Do\u011falgaz Ayd\u0131nlatma \u0130n\u015faat Mobilya Beyaz E\u015fya [\/vc_column_text][\/vc_column][\/vc_row]<\/p>\n","protected":false},"author":1,"featured_media":0,"parent":0,"menu_order":0,"comment_status":"closed","ping_status":"closed","template":"","meta":[],"_links":{"self":[{"href":"http:\/\/asmelta.com\/tr\/wp-json\/wp\/v2\/pages\/1461"}],"collection":[{"href":"http:\/\/asmelta.com\/tr\/wp-json\/wp\/v2\/pages"}],"about":[{"href":"http:\/\/asmelta.com\/tr\/wp-json\/wp\/v2\/types\/page"}],"author":[{"embeddable":true,"href":"http:\/\/asmelta.com\/tr\/wp-json\/wp\/v2\/users\/1"}],"replies":[{"embeddable":true,"href":"http:\/\/asmelta.com\/tr\/wp-json\/wp\/v2\/comments?post=1461"}],"version-history":[{"count":6,"href":"http:\/\/asmelta.com\/tr\/wp-json\/wp\/v2\/pages\/1461\/revisions"}],"predecessor-version":[{"id":2343,"href":"http:\/\/asmelta.com\/tr\/wp-json\/wp\/v2\/pages\/1461\/revisions\/2343"}],"wp:attachment":[{"href":"http:\/\/asmelta.com\/tr\/wp-json\/wp\/v2\/media?parent=1461"}],"curies":[{"name":"wp","href":"https:\/\/api.w.org\/{rel}","templated":true}]}}