{"id":1450,"date":"2016-01-20T08:20:38","date_gmt":"2016-01-20T08:20:38","guid":{"rendered":"http:\/\/anpsthemes.com\/construction\/?page_id=1450"},"modified":"2018-06-01T11:25:19","modified_gmt":"2018-06-01T11:25:19","slug":"metal-enjeksiyon","status":"publish","type":"page","link":"http:\/\/asmelta.com\/tr\/metal-enjeksiyon\/","title":{"rendered":"METAL ENJEKS\u0130YON"},"content":{"rendered":"<p>[vc_row][vc_column width=&#8221;1\/2&#8243;][vc_single_image image=&#8221;2248&#8243; img_size=&#8221;500&#215;700&#8243; style=&#8221;vc_box_shadow_3d&#8221; css_animation=&#8221;fadeIn&#8221;][\/vc_column][vc_column width=&#8221;1\/2&#8243;][vc_column_text]D\u00f6k\u00fcmhanemizde toplam 8 adet metal enjeksiyon makinemiz bulunmaktad\u0131r. Bunlar\u0131n 5&#8217;i so\u011fuk kamara ve 3&#8217;\u00fc s\u0131cak kamara olmak \u00fczere, al\u00fcminyum ve zamak d\u00f6k\u00fcmleri yap\u0131lmaktad\u0131r.[\/vc_column_text][vc_custom_heading text=&#8221;Metal Enjeksiyon Nedir?&#8221; use_theme_fonts=&#8221;yes&#8221;][vc_column_text]Metal enjeksiyon d\u00f6k\u00fcm kal\u0131p (MIM Metal Injection Molding) b\u00fcy\u00fck miktarlarda karma\u015f\u0131k \u015fekiller \u00fcretmek i\u00e7in bir imalat kapasitesi sunar.<\/p>\n<p>\u0130\u015flem, bir ba\u011flay\u0131c\u0131 madde (\u00e7e\u015fitli termoplastik maddeler, mumlar ve di\u011fer malzemeler) ile gran\u00fcl haline getirilen ve daha sonra bir konvansiyonel maddenin bir bo\u015flu\u011funa (veya birden \u00e7ok oyu\u011funa) beslenen bir besleme sto\u011funa \u00f6zel olarak form\u00fcle edilmi\u015f ince metal tozlar\u0131n\u0131 (tipik haliyle 20 mikrometreden daha az) kullan\u0131r.<\/p>\n<p>Metal enjeksiyon d\u00f6k\u00fcm prosesi, plastik enjeksiyon kal\u0131plama ve y\u00fcksek bas\u0131n\u00e7l\u0131 kal\u0131p d\u00f6k\u00fcm\u00fcne \u00e7ok benzer ve ayn\u0131 \u015fekil ve konfig\u00fcrasyon \u00f6zelliklerini \u00fcretebilir.<\/p>\n<p>Metal enjeksiyon kal\u0131plama i\u015fleminin avantajlar\u0131, boyut tolerans kontrol\u00fcne sahip, net \u015fekilli bir proses teknolojisi olmakla birlikte, d\u00f6v\u00fclm\u00fc\u015f malzemelerle neredeyse e\u015fde\u011fer mekanik \u00f6zellikler \u00fcretme kabiliyetindedir.<\/p>\n<p>Metal enjeksiyon kal\u0131p par\u00e7alar\u0131, \u00e7ok bo\u015fluklu kal\u0131p kullan\u0131m\u0131 sayesinde y\u00fcksek \u00fcretim h\u0131zlar\u0131na sahip, neredeyse s\u0131n\u0131rs\u0131z \u015fekil ve geometrik \u00f6zellik yetene\u011fi sunmaktad\u0131r.[\/vc_column_text][\/vc_column][\/vc_row][vc_row][vc_column width=&#8221;1\/2&#8243;][vc_custom_heading text=&#8221;Metal Enjeksiyon Kal\u0131plama (MIM) Avantajlar\u0131 nelerdir?&#8221; use_theme_fonts=&#8221;yes&#8221; el_class=&#8221;title&#8221;][vc_column_text]Metal enjeksiyon d\u00f6k\u00fcm (MIM), di\u011fer \u00fcretim teknolojilerine g\u00f6re bir\u00e7ok avantaj sunmaktad\u0131r. MIM teknolojisi son 25 y\u0131lda b\u00fcy\u00fck \u00f6l\u00e7\u00fcde ilerlemi\u015ftir.<\/p>\n<p>Metal enjeksiyon kal\u0131plama (MIM) i\u015flemi a\u015fa\u011f\u0131daki avantajlar\u0131 sunar:<\/p>\n<ul>\n<li>Y\u00fcksek hacimli karma\u015f\u0131k par\u00e7alar\u0131n maliyet-etkin \u00fcretimi.<\/li>\n<li>Yat\u0131r\u0131m d\u00f6k\u00fcm\u00fcne k\u0131yasla \u00fcretim s\u00fcresinin k\u0131salt\u0131lmas\u0131.<\/li>\n<li>Minimum malzeme at\u0131\u011f\u0131yla (ko\u015fucular, \u015firket i\u00e7inde geri d\u00f6n\u00fc\u015ft\u00fcr\u00fclebilen sprueler) a\u011f \u015fekilli imalat: Malzeme maliyetleri artt\u0131k\u00e7a daha \u00f6nemli.<\/li>\n<li>D\u00f6k\u00fcmlere \u00fcst\u00fcn mekanik \u00f6zellikler ve di\u011fer par\u00e7ac\u0131klar\u0131n boyutu ve y\u00fcksek sinterlenmi\u015f yo\u011funlu\u011fu yans\u0131tan PM par\u00e7alar\u0131.<\/li>\n<li>D\u00f6v\u00fclm\u00fc\u015f ala\u015f\u0131mlara e\u015fde\u011fer \u00f6zellikler.<\/li>\n<li>\u00c7ok \u00e7e\u015fitli \u00f6n-ala\u015f\u0131mlar ve ana ala\u015f\u0131mlar mevcuttur.<\/li>\n<li>Minimum bitirme i\u015flemleri.<\/li>\n<\/ul>\n<p>[\/vc_column_text][\/vc_column][vc_column width=&#8221;1\/2&#8243;][vc_empty_space height=&#8221;100px&#8221;][vc_single_image image=&#8221;2228&#8243; img_size=&#8221;500&#215;300&#8243; style=&#8221;vc_box_shadow_3d&#8221; css_animation=&#8221;fadeIn&#8221;][\/vc_column][\/vc_row]<\/p>\n","protected":false},"excerpt":{"rendered":"<p>[vc_row][vc_column width=&#8221;1\/2&#8243;][vc_single_image image=&#8221;2248&#8243; img_size=&#8221;500&#215;700&#8243; style=&#8221;vc_box_shadow_3d&#8221; css_animation=&#8221;fadeIn&#8221;][\/vc_column][vc_column width=&#8221;1\/2&#8243;][vc_column_text]D\u00f6k\u00fcmhanemizde toplam 8 adet metal enjeksiyon makinemiz bulunmaktad\u0131r. Bunlar\u0131n 5&#8217;i so\u011fuk kamara ve 3&#8217;\u00fc s\u0131cak kamara olmak \u00fczere, al\u00fcminyum ve zamak d\u00f6k\u00fcmleri yap\u0131lmaktad\u0131r.[\/vc_column_text][vc_custom_heading text=&#8221;Metal Enjeksiyon Nedir?&#8221; use_theme_fonts=&#8221;yes&#8221;][vc_column_text]Metal enjeksiyon d\u00f6k\u00fcm kal\u0131p (MIM Metal Injection Molding) &hellip;<\/p>\n","protected":false},"author":1,"featured_media":0,"parent":0,"menu_order":0,"comment_status":"closed","ping_status":"closed","template":"","meta":[],"_links":{"self":[{"href":"http:\/\/asmelta.com\/tr\/wp-json\/wp\/v2\/pages\/1450"}],"collection":[{"href":"http:\/\/asmelta.com\/tr\/wp-json\/wp\/v2\/pages"}],"about":[{"href":"http:\/\/asmelta.com\/tr\/wp-json\/wp\/v2\/types\/page"}],"author":[{"embeddable":true,"href":"http:\/\/asmelta.com\/tr\/wp-json\/wp\/v2\/users\/1"}],"replies":[{"embeddable":true,"href":"http:\/\/asmelta.com\/tr\/wp-json\/wp\/v2\/comments?post=1450"}],"version-history":[{"count":7,"href":"http:\/\/asmelta.com\/tr\/wp-json\/wp\/v2\/pages\/1450\/revisions"}],"predecessor-version":[{"id":2250,"href":"http:\/\/asmelta.com\/tr\/wp-json\/wp\/v2\/pages\/1450\/revisions\/2250"}],"wp:attachment":[{"href":"http:\/\/asmelta.com\/tr\/wp-json\/wp\/v2\/media?parent=1450"}],"curies":[{"name":"wp","href":"https:\/\/api.w.org\/{rel}","templated":true}]}}