{"id":1436,"date":"2016-01-19T14:52:43","date_gmt":"2016-01-19T14:52:43","guid":{"rendered":"http:\/\/anpsthemes.com\/construction\/?page_id=1436"},"modified":"2018-06-01T13:01:17","modified_gmt":"2018-06-01T13:01:17","slug":"hizmetler","status":"publish","type":"page","link":"http:\/\/asmelta.com\/tr\/hizmetler\/","title":{"rendered":"Hizmetler"},"content":{"rendered":"<p>[vc_row css=&#8221;.vc_custom_1453287409122{margin-bottom: 40px !important;}&#8221;][vc_column width=&#8221;1\/2&#8243;]<div class='featured featured-has-link featured-has-icon featured-has-content'><div class='featured-header'><a target='_self' href='\/tr\/metal-enjeksiyon\/'><img alt='Metal Enjeksiyon' src='http:\/\/asmelta.com\/tr\/wp-content\/uploads\/2018\/05\/enjek5-500x368.gif'\/><\/a><\/div><div class='featured-content'><h3 class='featured-title text-uppercase'><a target='_self' href='\/tr\/metal-enjeksiyon\/'><i class='fa fa-tint'><\/i>Metal Enjeksiyon<\/a><\/h3><p class='featured-desc'>D\u00f6k\u00fcmhanemizde toplam 8 adet metal enjeksiyon makinemiz bulunmaktad\u0131r. Bunlar\u0131n 5\u2019i so\u011fuk kamara ve 3\u2019\u00fc s\u0131cak kamara olmak \u00fczere, al\u00fcminyum ve zamak d\u00f6k\u00fcmleri yap\u0131lmaktad\u0131r.<\/p><a class='btn btn-md btn-minimal' target='_self' href='\/tr\/metal-enjeksiyon\/'>Read more<\/a><\/div><\/div>[\/vc_column][vc_column width=&#8221;1\/2&#8243;]<div class='featured featured-has-link featured-has-icon featured-has-content'><div class='featured-header'><a target='_self' href='\/tr\/cnc-isleme\/'><img alt='CNC \u0130\u015fleme' src='http:\/\/asmelta.com\/tr\/wp-content\/uploads\/2018\/05\/cnc5-500x368.gif'\/><\/a><\/div><div class='featured-content'><h3 class='featured-title text-uppercase'><a target='_self' href='\/tr\/cnc-isleme\/'><i class='fa fa-cog'><\/i>CNC \u0130\u015fleme<\/a><\/h3><p class='featured-desc'>Asmelta olarak, d\u00f6k\u00fcm yapt\u0131\u011f\u0131m\u0131z m\u00fc\u015fterilerin talepleri do\u011frultusunda, par\u00e7alar\u0131n i\u015flenmesi yine firma b\u00fcnyemizde yap\u0131lmaktad\u0131r.<\/p><a class='btn btn-md btn-minimal' target='_self' href='\/tr\/cnc-isleme\/'>Read more<\/a><\/div><\/div>[\/vc_column][\/vc_row][vc_row full_width=&#8221;stretch_row&#8221; css=&#8221;.vc_custom_1460118064162{padding-bottom: 140px !important;background-position: 0 0 !important;background-repeat: no-repeat !important;}&#8221; el_class=&#8221;bg-image-bottom&#8221;][vc_column width=&#8221;1\/2&#8243;]<div class='featured featured-has-link featured-has-icon featured-has-content'><div class='featured-header'><a target='_self' href='\/tr\/teslimat\/'><img alt='Teslimat' src='http:\/\/asmelta.com\/tr\/wp-content\/uploads\/2018\/05\/kamyon-722x368.jpg'\/><\/a><\/div><div class='featured-content'><h3 class='featured-title text-uppercase'><a target='_self' href='\/tr\/teslimat\/'><i class='fa fa-truck'><\/i>Teslimat<\/a><\/h3><p class='featured-desc'>M\u00fc\u015fterilerimizin rekabet g\u00fc\u00e7lerini art\u0131rmak, onlar\u0131n sekt\u00f6rlerindeki s\u00fcrd\u00fcr\u00fclebilir geli\u015fmelerine katk\u0131 sa\u011flamak ad\u0131na, Asmelta \u015firket politikas\u0131 olarak daima en h\u0131zl\u0131 teslimat \u00e7\u00f6z\u00fcmleri sunmay\u0131 hedefler.<\/p><a class='btn btn-md btn-minimal' target='_self' href='\/tr\/teslimat\/'>Read more<\/a><\/div><\/div>[\/vc_column][vc_column width=&#8221;1\/2&#8243;]<div class='featured featured-has-link featured-has-icon featured-has-content'><div class='featured-header'><a target='_self' href='\/tr\/satis-sonrasi\/'><img alt='Sat\u0131\u015f Sonras\u0131' src='http:\/\/asmelta.com\/tr\/wp-content\/uploads\/2018\/05\/research-722x368.jpg'\/><\/a><\/div><div class='featured-content'><h3 class='featured-title text-uppercase'><a target='_self' href='\/tr\/satis-sonrasi\/'><i class='fa fa-address-book-o'><\/i>Sat\u0131\u015f Sonras\u0131<\/a><\/h3><p class='featured-desc'>Sat\u0131\u015f sonras\u0131 t\u00fcm talep ve \u015fikayetleri hassasiyetle de\u011ferlendirir, en k\u0131sa zamanda \u00e7\u00f6z\u00fcm bulmak i\u00e7in t\u00fcm gayretimizi g\u00f6steririz.<\/p><a class='btn btn-md btn-minimal' target='_self' href='\/tr\/satis-sonrasi\/'>Read more<\/a><\/div><\/div>[\/vc_column][\/vc_row]<\/p>\n","protected":false},"excerpt":{"rendered":"<p>[vc_row css=&#8221;.vc_custom_1453287409122{margin-bottom: 40px !important;}&#8221;][vc_column width=&#8221;1\/2&#8243;][\/vc_column][vc_column width=&#8221;1\/2&#8243;][\/vc_column][\/vc_row][vc_row full_width=&#8221;stretch_row&#8221; css=&#8221;.vc_custom_1460118064162{padding-bottom: 140px !important;background-position: 0 0 !important;background-repeat: no-repeat !important;}&#8221; el_class=&#8221;bg-image-bottom&#8221;][vc_column width=&#8221;1\/2&#8243;][\/vc_column][vc_column width=&#8221;1\/2&#8243;][\/vc_column][\/vc_row]<\/p>\n","protected":false},"author":1,"featured_media":0,"parent":0,"menu_order":0,"comment_status":"closed","ping_status":"closed","template":"","meta":[],"_links":{"self":[{"href":"http:\/\/asmelta.com\/tr\/wp-json\/wp\/v2\/pages\/1436"}],"collection":[{"href":"http:\/\/asmelta.com\/tr\/wp-json\/wp\/v2\/pages"}],"about":[{"href":"http:\/\/asmelta.com\/tr\/wp-json\/wp\/v2\/types\/page"}],"author":[{"embeddable":true,"href":"http:\/\/asmelta.com\/tr\/wp-json\/wp\/v2\/users\/1"}],"replies":[{"embeddable":true,"href":"http:\/\/asmelta.com\/tr\/wp-json\/wp\/v2\/comments?post=1436"}],"version-history":[{"count":11,"href":"http:\/\/asmelta.com\/tr\/wp-json\/wp\/v2\/pages\/1436\/revisions"}],"predecessor-version":[{"id":2364,"href":"http:\/\/asmelta.com\/tr\/wp-json\/wp\/v2\/pages\/1436\/revisions\/2364"}],"wp:attachment":[{"href":"http:\/\/asmelta.com\/tr\/wp-json\/wp\/v2\/media?parent=1436"}],"curies":[{"name":"wp","href":"https:\/\/api.w.org\/{rel}","templated":true}]}}